{"id":412,"date":"2021-03-16T09:16:11","date_gmt":"2021-03-16T12:16:11","guid":{"rendered":"https:\/\/projetos.feevale.br\/logicando\/?page_id=412"},"modified":"2021-11-30T14:16:19","modified_gmt":"2021-11-30T17:16:19","slug":"cursos-e-oficinas","status":"publish","type":"page","link":"https:\/\/projetos.feevale.br\/logicando\/index.php\/cursos-e-oficinas\/","title":{"rendered":"Cursos e oficinas"},"content":{"rendered":"\r\n<p>Confira os cursos e as oficinas oferecidas pelo projeto Logicando. Se voc\u00ea ficou interessado(a), entre em contato conosco para maiores informa\u00e7\u00f5es.<\/p>\r\n\r\n\r\n\r\n<h4>Curso: Construindo aplicativos com o App Inventor<\/h4>\r\n\r\n\r\n\r\n<p><strong>Carga hor\u00e1ria<\/strong>: 6 horas<br \/><strong>Ministrante<\/strong>: Sandra Teresinha Miorelli<br \/><strong>Plataforma<\/strong>: App Inventor<br \/><strong>Objetivos<\/strong>: Apresentar o recurso digital APP Inventor e suas possibilidades no contexto de pr\u00e1ticas educacionais para ensino presencial\/remoto.\u00a0<br \/><strong>Como funciona<\/strong>: Momentos s\u00edncronos por web confer\u00eancia.<br \/><strong>Avalia\u00e7\u00e3o<\/strong>: Participa\u00e7\u00e3o nos momentos s\u00edncronos e o desenvolvimento de aplicativos.<br \/><strong>Materiais necess\u00e1rios<\/strong>: Conta no gmail, computador e smartphone Android com acesso \u00e0 internet.<\/p>\r\n\r\n\r\n\r\n<h4>Curso: Possibilidades do Code.org no contexto do ensino remoto<\/h4>\r\n\r\n\r\n\r\n<p><strong>Carga hor\u00e1ria<\/strong>: 8 horas<br \/><strong>Ministrantes<\/strong>: Cristiele da Rosa e D\u00e9bora Barbosa<br \/><strong>Plataforma<\/strong>: Code.org<br \/><strong>Objetivos<\/strong>: Apresentar o recurso digital Code.org e suas possibilidades no contexto das pr\u00e1ticas desenvolvidas no ensino remoto.<br \/><strong>Como funciona<\/strong>: Momentos s\u00edncronos por web confer\u00eancia; Atividades pr\u00e1ticas; Grupo no WhatsApp com ministrantes e alunos(as).<br \/><strong>Avalia\u00e7\u00e3o<\/strong>: Participa\u00e7\u00e3o nos momentos s\u00edncronos e o desenvolvimento das atividades.<br \/><strong>Materiais necess\u00e1rios<\/strong>: Computador e\/ou smartphone com acesso \u00e0 internet.<\/p>\r\n\r\n\r\n\r\n<h4>Curso: Come\u00e7ando a programar em Phyton<\/h4>\r\n\r\n\r\n\r\n<p><strong>Carga hor\u00e1ria<\/strong>: 6 horas<br \/><strong>Ministrante<\/strong>: Juliano Varella de Carvalho<br \/><strong>Linguagem de programa\u00e7\u00e3o<\/strong>: Phyton<br \/><strong>Objetivos<\/strong>: \u00a0Apresentar a linguagem de programa\u00e7\u00e3o Python e o ambiente de desenvolvimento Jupyter Notebook; instalar a linguagem de programa\u00e7\u00e3o Python e o ambiente de desenvolvimento Jupyter Notebook; apresentar tipos de dados, vari\u00e1veis e operadores b\u00e1sicos de Python; executar opera\u00e7\u00f5es de entrada e sa\u00edda.<br \/><strong>Como funciona<\/strong>: 3 momentos s\u00edncronos por web confer\u00eancia;<br \/><strong>Avalia\u00e7\u00e3o<\/strong>: Participa\u00e7\u00e3o nos momentos s\u00edncronos e o desenvolvimento da atividade final.\u00a0<br \/><strong>Material necess\u00e1rio<\/strong>: Computador com acesso \u00e0 internet.<\/p>\r\n\r\n\r\n\r\n<h4>Curso: Gera\u00e7\u00e3o de gr\u00e1ficos com a linguagem de programa\u00e7\u00e3o \u201cR\u201d<\/h4>\r\n\r\n\r\n\r\n<p><strong>Carga hor\u00e1ria<\/strong>: 6 horas<br \/><strong>Ministrante<\/strong>: Juliano Varella de Carvalho<br \/><strong>Linguagem de programa\u00e7\u00e3o<\/strong>: R<br \/><strong>Objetivos<\/strong>:\u00a0 Apresentar a linguagem de programa\u00e7\u00e3o R e o ambiente de desenvolvimento RStudio; instalar a linguagem de programa\u00e7\u00e3o R e o ambiente de desenvolvimento RStudio; compreender a estrutura de dados <em>dataframe <\/em>da linguagem e gerar gr\u00e1ficos a partir deles.<br \/><strong>Como funciona<\/strong>: 3 momentos s\u00edncronos por web confer\u00eancia;<br \/><strong>Avalia\u00e7\u00e3o<\/strong>: Participa\u00e7\u00e3o nos momentos s\u00edncronos e o desenvolvimento da atividade final.<br \/><strong>Material necess\u00e1rio<\/strong>: Computador com acesso \u00e0 internet.<\/p>\r\n\r\n\r\n\r\n<h4>Curso: Construindo curr\u00edculo com HTML e CSS<\/h4>\r\n\r\n\r\n\r\n<p><strong>Carga hor\u00e1ria<\/strong>: 4 horas<br \/><strong>Ministrante<\/strong>: Cristiele da Rosa<br \/><strong>Recursos web<\/strong>: HTML e CSS<br \/><strong>Objetivos<\/strong>: Apresentar a utiliza\u00e7\u00e3o de recursos de desenvolvimento web (HTML e CSS) como ferramenta para cria\u00e7\u00e3o e formata\u00e7\u00e3o de documentos.<br \/><strong>Como funciona<\/strong>: Momentos s\u00edncronos e atividades pr\u00e1ticas offline.<br \/><strong>Avalia\u00e7\u00e3o<\/strong>: Participa\u00e7\u00e3o nos momentos s\u00edncronos e o desenvolvimento das atividades.<br \/><strong>Material necess\u00e1rio<\/strong>: Computador e\/ou smartphone com acesso \u00e0 internet.<\/p>\r\n\r\n\r\n\r\n<h4>Curso: Montando um site WordPress<\/h4>\r\n\r\n\r\n\r\n<p><strong>Carga hor\u00e1ria<\/strong>: 6 horas<br \/><strong>Ministrante<\/strong>: Victoria Lauterbach<br \/><strong>Plataforma<\/strong>: WordPress<br \/><strong>Objetivos<\/strong>: Apresentar a plataforma, seus recursos e configura\u00e7\u00f5es b\u00e1sicas.<br \/><strong>Como funciona<\/strong>: Momentos s\u00edncronos.<br \/><strong>Avalia\u00e7\u00e3o<\/strong>: N\u00e3o h\u00e1 avalia\u00e7\u00e3o. \u00a0\u00a0<br \/><strong>Material necess\u00e1rio<\/strong>: Computador com acesso \u00e0 internet.<\/p>\r\n\r\n\r\n<hr class=\"wp-block-separator\" \/>\r\n\r\n\r\n<h4>Oficina: App Inventor<\/h4>\r\n\r\n\r\n\r\n<p><strong>Carga hor\u00e1ria<\/strong>: 2 horas<br \/><strong>Ministrante<\/strong>: Sandra Teresinha Miorelli<strong><br \/>Plataforma<\/strong>: App Inventor<br \/><strong>Objetivos<\/strong>: Apresentar o recurso digital App Inventor e suas possibilidades no contexto de pr\u00e1ticas educacionais para ensino presencial\/remoto.\u00a0<br \/><strong>Como funciona<\/strong>: Momento s\u00edncrono por web confer\u00eancia.<br \/><strong>Materiais necess\u00e1rios<\/strong>: Conta no gmail; computador e smartphone Android com acesso \u00e0 internet.<\/p>\r\n\r\n\r\n\r\n<h4>Oficina: Code.org<\/h4>\r\n\r\n\r\n\r\n<p><strong>Carga hor\u00e1ria<\/strong>: 1 hora<br \/><strong>Ministrantes<\/strong>: Cristiele da Rosa e D\u00e9bora Barbosa<br \/><strong>Plataforma<\/strong>: Code.org<br \/><strong>Objetivos<\/strong>: Apresentar o recurso digital Code.org. \u00a0\u00a0<br \/><strong>Como funciona<\/strong>: Momento s\u00edncrono por web confer\u00eancia.<br \/><strong>Materiais necess\u00e1rios<\/strong>: Computador e\/ou smartphone com acesso \u00e0 internet.<\/p>\r\n\r\n\r\n\r\n<h4>Oficina: Come\u00e7ando a programar em Phyton<\/h4>\r\n\r\n\r\n\r\n<p><strong>Carga hor\u00e1ria<\/strong>: 2 horas<br \/><strong>Ministrante<\/strong>: Juliano Varella de Carvalho<br \/><strong>Linguagem de programa\u00e7\u00e3o<\/strong>: Phyton<br \/><strong>Objetivos<\/strong>: \u00a0Apresentar a linguagem de programa\u00e7\u00e3o Python e o ambiente de desenvolvimento Jupyter Notebook; apresentar tipos de dados, vari\u00e1veis e operadores b\u00e1sicos de Phyton; executar opera\u00e7\u00f5es de entrada e sa\u00edda.<br \/><strong>Como funciona<\/strong>: Momento s\u00edncrono por web confer\u00eancia.<br \/><strong>Material necess\u00e1rio<\/strong>: Computador com acesso \u00e0 internet.<\/p>\r\n\r\n\r\n\r\n<h4>Oficina: Gera\u00e7\u00e3o de gr\u00e1ficos com a linguagem de programa\u00e7\u00e3o \u201cR\u201d<\/h4>\r\n\r\n\r\n\r\n<p><strong>Carga hor\u00e1ria<\/strong>: 2 horas<br \/><strong>Ministrante<\/strong>: Juliano Varella de Carvalho<br \/><strong>Linguagem de programa\u00e7\u00e3o<\/strong>: R<br \/><strong>Objetivos<\/strong>:\u00a0 Apresentar a linguagem de programa\u00e7\u00e3o R; compreender a estrutura de dados <em>dataframe <\/em>da linguagem e gerar gr\u00e1ficos a partir deles.<br \/><strong>Como funciona<\/strong>: Momento s\u00edncrono por web confer\u00eancia.<br \/><strong>Material necess\u00e1rio<\/strong>: Computador com acesso \u00e0 internet, linguagem R instalada <a href=\"https:\/\/cran.r-project.org\/bin\/windows\/base\/R-4.0.4-win.exe\">(clique aqui)<\/a> e com o ambiente de desenvolvimento RStudio tamb\u00e9m instalado <a href=\"https:\/\/download1.rstudio.org\/desktop\/windows\/RStudio-1.4.1106.exe\">(clique aqui)<\/a>.<\/p>\r\n\r\n\r\n\r\n<h4>Oficina: WordPress<\/h4>\r\n\r\n\r\n\r\n<p><strong>Carga hor\u00e1ria<\/strong>: 3 horas<br \/><strong>Ministrante<\/strong>: Victoria Lauterbach<br \/><strong>Plataforma<\/strong>: WordPress<br \/><strong>Objetivos<\/strong>:\u00a0 Apresentar a plataforma e seus recursos<br \/><strong>Como funciona<\/strong>: Momento s\u00edncrono por web confer\u00eancia.<br \/><strong>Material necess\u00e1rio<\/strong>: Computador com acesso \u00e0 internet.<\/p>\r\n\r\n\r\n\r\n\r\n<hr class=\"wp-block-separator\" \/>\r\n\r\n\r\n<p>Maiores informa\u00e7\u00f5es ou d\u00favidas, por favor entre em contato por logicando@feevale.br<\/p>\r\n","protected":false},"excerpt":{"rendered":"<p>Confira os cursos e as oficinas oferecidas pelo projeto Logicando. Se voc\u00ea ficou interessado(a), entre em contato conosco para maiores informa\u00e7\u00f5es. Curso: Construindo aplicativos com o App Inventor Carga hor\u00e1ria: 6 horasMinistrante: Sandra Teresinha MiorelliPlataforma: App InventorObjetivos: Apresentar o recurso digital APP Inventor e suas possibilidades no contexto de pr\u00e1ticas educacionais para ensino presencial\/remoto.\u00a0Como funciona:&hellip; <br \/> <a class=\"read-more\" href=\"https:\/\/projetos.feevale.br\/logicando\/index.php\/cursos-e-oficinas\/\">Leia mais<\/a><\/p>\n","protected":false},"author":2,"featured_media":0,"parent":0,"menu_order":0,"comment_status":"closed","ping_status":"closed","template":"","meta":[],"_links":{"self":[{"href":"https:\/\/projetos.feevale.br\/logicando\/index.php\/wp-json\/wp\/v2\/pages\/412"}],"collection":[{"href":"https:\/\/projetos.feevale.br\/logicando\/index.php\/wp-json\/wp\/v2\/pages"}],"about":[{"href":"https:\/\/projetos.feevale.br\/logicando\/index.php\/wp-json\/wp\/v2\/types\/page"}],"author":[{"embeddable":true,"href":"https:\/\/projetos.feevale.br\/logicando\/index.php\/wp-json\/wp\/v2\/users\/2"}],"replies":[{"embeddable":true,"href":"https:\/\/projetos.feevale.br\/logicando\/index.php\/wp-json\/wp\/v2\/comments?post=412"}],"version-history":[{"count":16,"href":"https:\/\/projetos.feevale.br\/logicando\/index.php\/wp-json\/wp\/v2\/pages\/412\/revisions"}],"predecessor-version":[{"id":564,"href":"https:\/\/projetos.feevale.br\/logicando\/index.php\/wp-json\/wp\/v2\/pages\/412\/revisions\/564"}],"wp:attachment":[{"href":"https:\/\/projetos.feevale.br\/logicando\/index.php\/wp-json\/wp\/v2\/media?parent=412"}],"curies":[{"name":"wp","href":"https:\/\/api.w.org\/{rel}","templated":true}]}}